{"id":39,"date":"2017-02-16T09:16:01","date_gmt":"2017-02-16T08:16:01","guid":{"rendered":"http:\/\/mxajfmgl.preview.infomaniak.website\/?page_id=39"},"modified":"2020-09-17T11:54:19","modified_gmt":"2020-09-17T09:54:19","slug":"ueber_uns","status":"publish","type":"page","link":"https:\/\/burribooksandmore.ch\/it\/ueber_uns\/","title":{"rendered":"\u00dcBER UNS"},"content":{"rendered":"<p><\/p>\n<p>Geboren im Berner Oberland, aufgewachsen in Lateinamerika. Affinit\u00e4t zu Naturwissenschaft und Systematik. Erfahrung in Handwerk und Lagerhaltung. Aus der Vielseitigkeit des Gr\u00fcnders <strong>Markus Burri<\/strong> ein paar gesch\u00e4ftsbezogene Eckdaten:<\/p>\n<ul>\n<li>Fremdsprachen: Englisch, Franz\u00f6sisch und Spanisch<\/li>\n<li>Theologiestudium an der <a href=\"https:\/\/sthbasel.ch\/\" target=\"_blank\" rel=\"noopener noreferrer\">STH Basel<\/a>, Abschluss lic theol \/ M.Th.<\/li>\n<li>12 1\/2 Jahre Mitarbeit bei <a href=\"https:\/\/meos.ch\/de\" target=\"_blank\" rel=\"noopener noreferrer\">MEOS<\/a>, davon 8 Jahre Abteilungsleiter MEOS Medien<\/li>\n<li>MEOS Medien: 2014 Start eines Kalenderprojekts: 1. evangelistischer Kalender in Tigrinya (2015) f\u00fcr Europa, weitere vorher nicht erh\u00e4ltliche Sprachen kommen auf 2016 neu auf den Markt, auf 2018 Ausbau auf 35 Sprachen<\/li>\n<li>MEOS Medien: Aufbau eines Lieferantennetzes im internationalen Umfeld, Ausbau der Literaturabteilung zu einem Kompetenzzentrum f\u00fcr fremdsprachige Literatur&nbsp;<\/li>\n<li><span style=\"font-size: inherit;\">Februar 2020: Gr\u00fcndung von Burri books&amp;more.<\/span><\/li>\n<\/ul>\n\n\n<div class=\"wp-block-buttons is-layout-flex wp-block-buttons-is-layout-flex\">\n<div class=\"wp-block-button\"><a class=\"wp-block-button__link\" href=\"https:\/\/burribooksandmore.ch\/\">home<\/a><\/div>\n<\/div>\n","protected":false},"excerpt":{"rendered":"<p>Geboren im Berner Oberland, aufgewachsen in Lateinamerika. Affinit\u00e4t zu Naturwissenschaft und Systematik. Erfahrung in Handwerk und Lagerhaltung. Aus der Vielseitigkeit des Gr\u00fcnders Markus Burri ein paar gesch\u00e4ftsbezogene Eckdaten: Fremdsprachen: Englisch, Franz\u00f6sisch und Spanisch Theologiestudium an der STH Basel, Abschluss lic theol \/ M.Th. 12 1\/2 Jahre Mitarbeit bei MEOS, davon 8 Jahre Abteilungsleiter MEOS Medien &hellip; <\/p>\n<p class=\"link-more\"><a href=\"https:\/\/burribooksandmore.ch\/it\/ueber_uns\/\" class=\"more-link\">Leggi tutto<span class=\"screen-reader-text\"> &#8220;\u00dcBER UNS&#8221;<\/span><\/a><\/p>\n","protected":false},"author":0,"featured_media":0,"parent":0,"menu_order":0,"comment_status":"closed","ping_status":"closed","template":"","meta":{"_seopress_robots_primary_cat":"","_seopress_titles_title":"","_seopress_titles_desc":"","_seopress_robots_index":"","footnotes":""},"class_list":["post-39","page","type-page","status-publish","hentry"],"translation":{"provider":"WPGlobus","version":"3.0.0","language":"it","enabled_languages":["de","gb","fr","it"],"languages":{"de":{"title":true,"content":true,"excerpt":false},"gb":{"title":false,"content":false,"excerpt":false},"fr":{"title":false,"content":false,"excerpt":false},"it":{"title":false,"content":false,"excerpt":false}}},"jetpack_sharing_enabled":true,"_links":{"self":[{"href":"https:\/\/burribooksandmore.ch\/it\/wp-json\/wp\/v2\/pages\/39","targetHints":{"allow":["GET"]}}],"collection":[{"href":"https:\/\/burribooksandmore.ch\/it\/wp-json\/wp\/v2\/pages"}],"about":[{"href":"https:\/\/burribooksandmore.ch\/it\/wp-json\/wp\/v2\/types\/page"}],"replies":[{"embeddable":true,"href":"https:\/\/burribooksandmore.ch\/it\/wp-json\/wp\/v2\/comments?post=39"}],"version-history":[{"count":8,"href":"https:\/\/burribooksandmore.ch\/it\/wp-json\/wp\/v2\/pages\/39\/revisions"}],"predecessor-version":[{"id":28959,"href":"https:\/\/burribooksandmore.ch\/it\/wp-json\/wp\/v2\/pages\/39\/revisions\/28959"}],"wp:attachment":[{"href":"https:\/\/burribooksandmore.ch\/it\/wp-json\/wp\/v2\/media?parent=39"}],"curies":[{"name":"wp","href":"https:\/\/api.w.org\/{rel}","templated":true}]}}