{"id":36,"date":"2017-02-16T09:13:19","date_gmt":"2017-02-16T08:13:19","guid":{"rendered":"http:\/\/mxajfmgl.preview.infomaniak.website\/?page_id=36"},"modified":"2020-09-17T11:50:45","modified_gmt":"2020-09-17T09:50:45","slug":"vision","status":"publish","type":"page","link":"https:\/\/burribooksandmore.ch\/it\/vision\/","title":{"rendered":"VISION"},"content":{"rendered":"\n<h1 style=\"text-align: center;\">Unsere Vision<\/h1>\n<p>Jeder Mensch sollte die M\u00f6glichkeit haben die Bibel in seiner Muttersprache zu lesen. Unabh\u00e4ngig von seinem gegenw\u00e4rtigen Wohnort.<\/p>\n<p>Von den Einwohnern der Schweiz haben 35% Migrationshintergrund, und dieser Anteil w\u00e4chst stetig. Damit unsere Vision auch f\u00fcr sie Realit\u00e4t wird, setzt sich Burri books&amp;more daf\u00fcr ein, dass der Zugang zu fremdsprachigen Bibeln und christlicher Literatur auch in der Schweiz gew\u00e4hrleistet ist.<\/p>\n\n\n\n<div class=\"wp-block-buttons is-layout-flex wp-block-buttons-is-layout-flex\">\n<div class=\"wp-block-button is-style-fill\"><a class=\"wp-block-button__link\" href=\"https:\/\/burribooksandmore.ch\/\" rel=\"\">home<\/a><\/div>\n<\/div>\n","protected":false},"excerpt":{"rendered":"<p>Unsere Vision Jeder Mensch sollte die M\u00f6glichkeit haben die Bibel in seiner Muttersprache zu lesen. Unabh\u00e4ngig von seinem gegenw\u00e4rtigen Wohnort. Von den Einwohnern der Schweiz haben 35% Migrationshintergrund, und dieser Anteil w\u00e4chst stetig. Damit unsere Vision auch f\u00fcr sie Realit\u00e4t wird, setzt sich Burri books&amp;more daf\u00fcr ein, dass der Zugang zu fremdsprachigen Bibeln und christlicher &hellip; <\/p>\n<p class=\"link-more\"><a href=\"https:\/\/burribooksandmore.ch\/it\/vision\/\" class=\"more-link\">Leggi tutto<span class=\"screen-reader-text\"> &#8220;VISION&#8221;<\/span><\/a><\/p>\n","protected":false},"author":1,"featured_media":0,"parent":0,"menu_order":0,"comment_status":"closed","ping_status":"closed","template":"","meta":{"_seopress_robots_primary_cat":"","_seopress_titles_title":"","_seopress_titles_desc":"","_seopress_robots_index":"","footnotes":""},"class_list":["post-36","page","type-page","status-publish","hentry"],"translation":{"provider":"WPGlobus","version":"3.0.0","language":"it","enabled_languages":["de","gb","fr","it"],"languages":{"de":{"title":true,"content":true,"excerpt":false},"gb":{"title":false,"content":false,"excerpt":false},"fr":{"title":false,"content":false,"excerpt":false},"it":{"title":false,"content":false,"excerpt":false}}},"jetpack_sharing_enabled":true,"_links":{"self":[{"href":"https:\/\/burribooksandmore.ch\/it\/wp-json\/wp\/v2\/pages\/36","targetHints":{"allow":["GET"]}}],"collection":[{"href":"https:\/\/burribooksandmore.ch\/it\/wp-json\/wp\/v2\/pages"}],"about":[{"href":"https:\/\/burribooksandmore.ch\/it\/wp-json\/wp\/v2\/types\/page"}],"author":[{"embeddable":true,"href":"https:\/\/burribooksandmore.ch\/it\/wp-json\/wp\/v2\/users\/1"}],"replies":[{"embeddable":true,"href":"https:\/\/burribooksandmore.ch\/it\/wp-json\/wp\/v2\/comments?post=36"}],"version-history":[{"count":10,"href":"https:\/\/burribooksandmore.ch\/it\/wp-json\/wp\/v2\/pages\/36\/revisions"}],"predecessor-version":[{"id":28956,"href":"https:\/\/burribooksandmore.ch\/it\/wp-json\/wp\/v2\/pages\/36\/revisions\/28956"}],"wp:attachment":[{"href":"https:\/\/burribooksandmore.ch\/it\/wp-json\/wp\/v2\/media?parent=36"}],"curies":[{"name":"wp","href":"https:\/\/api.w.org\/{rel}","templated":true}]}}