{"id":29463,"date":"2021-03-18T11:54:29","date_gmt":"2021-03-18T10:54:29","guid":{"rendered":"https:\/\/burribooksandmore.ch\/?page_id=29463"},"modified":"2025-05-31T16:16:29","modified_gmt":"2025-05-31T14:16:29","slug":"elam-publications","status":"publish","type":"page","link":"https:\/\/burribooksandmore.ch\/it\/services\/elam-publications\/","title":{"rendered":"ELAM Publications"},"content":{"rendered":"<\/p>\n<p>Elam ist ein persischer christlicher Dienst, der besteht, um die Gemeinde in der Region Iran und dar\u00fcber hinaus zu st\u00e4rken und zu erweitern, mit B\u00fcros in Gro\u00dfbritannien, den USA, Australien und Deutschland.<\/p>\n<p>Elam Publications verlegt seit \u00fcber zwei Jahrzehnten persische Bibeln und hilfreiche christliche Ressourcen. Diese werden Sie und diejenigen, denen Sie dienen, ausr\u00fcsten, um im christlichen Glauben zu wachsen und zu reifen.<\/p>\n<p>Der Kalameh Shop hat ein einfaches Ziel: Ihnen die besten christlichen B\u00fccher, DVD&#8217;s, Karten und mehr in persischer Sprache zu bringen. Wann immer ein neuer Titel herauskommt, stellen wir sicher, dass wir ihn f\u00fcr Sie besorgen. Im Moment haben Sie \u00fcber 500 zur Auswahl.<\/p>\n\n\n<div class=\"wp-block-buttons is-layout-flex wp-block-buttons-is-layout-flex\">\n<div class=\"wp-block-button\"><a class=\"wp-block-button__link wp-element-button\" href=\"https:\/\/shop.burribooksandmore.ch\/ki\/Hersteller-ELAM-publications-h15h138.html\" target=\"_blank\" rel=\"https:\/\/burribooksandmore.ch\/produkt-kategorie\/shop\/verlage\/soli-deo-gloria\/ noopener noreferrer noreferrer noopener\">zum shop<\/a><\/div>\n\n\n\n<div class=\"wp-block-button\"><a class=\"wp-block-button__link wp-element-button\" href=\"https:\/\/shop.kalameh.com\/?___store=english_store_view&amp;___from_store=default\" target=\"_blank\" rel=\"http:\/\/solideogloriaedizioni.com\/negozio\/ noopener noreferrer\">Kalameh.com<\/a><\/div>\n<\/div>\n\n\n\n<p><\/p>\n","protected":false},"excerpt":{"rendered":"<p>Elam ist ein persischer christlicher Dienst, der besteht, um die Gemeinde in der Region Iran und dar\u00fcber hinaus zu st\u00e4rken und zu erweitern, mit B\u00fcros in Gro\u00dfbritannien, den USA, Australien und Deutschland. Elam Publications verlegt seit \u00fcber zwei Jahrzehnten persische Bibeln und hilfreiche christliche Ressourcen. Diese werden Sie und diejenigen, denen Sie dienen, ausr\u00fcsten, um &hellip; <\/p>\n<p class=\"link-more\"><a href=\"https:\/\/burribooksandmore.ch\/it\/services\/elam-publications\/\" class=\"more-link\">Leggi tutto<span class=\"screen-reader-text\"> &#8220;ELAM Publications&#8221;<\/span><\/a><\/p>\n","protected":false},"author":1,"featured_media":0,"parent":28640,"menu_order":0,"comment_status":"closed","ping_status":"closed","template":"","meta":{"_seopress_robots_primary_cat":"","_seopress_titles_title":"","_seopress_titles_desc":"","_seopress_robots_index":"","footnotes":""},"class_list":["post-29463","page","type-page","status-publish","hentry"],"translation":{"provider":"WPGlobus","version":"3.0.0","language":"it","enabled_languages":["de","gb","fr","it"],"languages":{"de":{"title":true,"content":true,"excerpt":false},"gb":{"title":false,"content":false,"excerpt":false},"fr":{"title":false,"content":false,"excerpt":false},"it":{"title":false,"content":false,"excerpt":false}}},"jetpack_sharing_enabled":true,"_links":{"self":[{"href":"https:\/\/burribooksandmore.ch\/it\/wp-json\/wp\/v2\/pages\/29463","targetHints":{"allow":["GET"]}}],"collection":[{"href":"https:\/\/burribooksandmore.ch\/it\/wp-json\/wp\/v2\/pages"}],"about":[{"href":"https:\/\/burribooksandmore.ch\/it\/wp-json\/wp\/v2\/types\/page"}],"author":[{"embeddable":true,"href":"https:\/\/burribooksandmore.ch\/it\/wp-json\/wp\/v2\/users\/1"}],"replies":[{"embeddable":true,"href":"https:\/\/burribooksandmore.ch\/it\/wp-json\/wp\/v2\/comments?post=29463"}],"version-history":[{"count":3,"href":"https:\/\/burribooksandmore.ch\/it\/wp-json\/wp\/v2\/pages\/29463\/revisions"}],"predecessor-version":[{"id":34177,"href":"https:\/\/burribooksandmore.ch\/it\/wp-json\/wp\/v2\/pages\/29463\/revisions\/34177"}],"up":[{"embeddable":true,"href":"https:\/\/burribooksandmore.ch\/it\/wp-json\/wp\/v2\/pages\/28640"}],"wp:attachment":[{"href":"https:\/\/burribooksandmore.ch\/it\/wp-json\/wp\/v2\/media?parent=29463"}],"curies":[{"name":"wp","href":"https:\/\/api.w.org\/{rel}","templated":true}]}}