{"id":29258,"date":"2020-12-03T12:46:08","date_gmt":"2020-12-03T11:46:08","guid":{"rendered":"https:\/\/burribooksandmore.ch\/?page_id=29258"},"modified":"2025-05-31T16:18:41","modified_gmt":"2025-05-31T14:18:41","slug":"mission-evangelisation","status":"publish","type":"page","link":"https:\/\/burribooksandmore.ch\/it\/services\/mission-evangelisation\/","title":{"rendered":"Gospel Medien e.V."},"content":{"rendered":"\n<figure class=\"wp-block-image size-large\"><a href=\"https:\/\/mission-evangelisation.de\/\" target=\"_blank\" rel=\"noopener noreferrer\"><img loading=\"lazy\" decoding=\"async\" width=\"176\" height=\"250\" src=\"https:\/\/burribooksandmore.ch\/wp-content\/uploads\/2020\/12\/Cover-Deutsch.jpg\" alt=\"\" class=\"wp-image-29259\"\/><\/a><\/figure>\n\n\n<p>Nicht immer bietet sich die Gelegenheit mit Menschen \u00fcber Jesus sprechen zu k\u00f6nnen, doch den Menschen etwas mit auf den Weg zu geben, ist oft sehr leicht m\u00f6glich. Ob es nun Nachbarn, Bekannte oder Verwandte sind oder auch v\u00f6llig fremde Menschen, beim Spaziergang, im Supermarkt, im Restaurant, im Wartezimmer oder auch sonst bei den vielen Gelegenheiten, die sich tagt\u00e4glich bieten&#8230; Das B\u00fcchlein <em>&#8216;Gl\u00fccklich sind&#8217;<\/em>&nbsp; l\u00e4sst &nbsp;sich &nbsp;ganz leicht weiterreichen und das in vielen, vielen Sprachen&nbsp;\u2013 nicht zuletzt auch im Urlaub &nbsp;und auf Reisen.<\/p>\n<p>So kann man das Allt\u00e4gliche und Angenehme ganz leicht mit dem N\u00fctzlichen verbinden. Versuchen Sie es doch einfach einmal selbst&#8230; &nbsp;<\/p>\n<p>Sie werden \u00fcberrascht sein, wie viele Menschen sich \u00fcber das kleine&nbsp;Geschenk sehr freuen werden&#8230;<\/p>\n<p>Diese B\u00fcchlein sind bei Burri books&amp;more im Staffelpreis erh\u00e4ltlich (Sprachen gemischt):<\/p>\n<ul>\n<li>ab 15 Stk: CHF 2.20\/Stk<\/li>\n<li>ab 30 Stk: CHF 2.00\/Stk<\/li>\n<li>ab 60 Stk: CHF 1.85\/Stk<\/li>\n<li>ab 100 Stk: CHF 1.70\/Stk<\/li>\n<li>Lieferfrist f\u00fcr gr\u00f6ssere Mengen (je nach Sprache ab 10-30 Stk) ca. 2-3 Wochen<\/li>\n<\/ul>\n\n\n<div class=\"wp-block-buttons is-layout-flex wp-block-buttons-is-layout-flex\">\n<div class=\"wp-block-button\"><a class=\"wp-block-button__link wp-element-button\" href=\"https:\/\/shop.burribooksandmore.ch\/ki\/Hersteller-Gospel-Medien-eV-h8h138.html\" target=\"_blank\" rel=\"https:\/\/burribooksandmore.ch\/produkt-kategorie\/shop\/verlage\/soli-deo-gloria\/ noopener noreferrer noreferrer noopener\">zum shop<\/a><\/div>\n\n\n\n<div class=\"wp-block-button\"><a class=\"wp-block-button__link wp-element-button\" href=\"https:\/\/mission-evangelisation.de\/evangelistische-traktate-sprachen-seite-eins\" target=\"_blank\" rel=\"http:\/\/solideogloriaedizioni.com\/negozio\/ noopener noreferrer\">Gospel Medien e.V.<\/a><\/div>\n<\/div>\n\n\n\n<p><\/p>\n","protected":false},"excerpt":{"rendered":"<p>Nicht immer bietet sich die Gelegenheit mit Menschen \u00fcber Jesus sprechen zu k\u00f6nnen, doch den Menschen etwas mit auf den Weg zu geben, ist oft sehr leicht m\u00f6glich. Ob es nun Nachbarn, Bekannte oder Verwandte sind oder auch v\u00f6llig fremde Menschen, beim Spaziergang, im Supermarkt, im Restaurant, im Wartezimmer oder auch sonst bei den vielen &hellip; <\/p>\n<p class=\"link-more\"><a href=\"https:\/\/burribooksandmore.ch\/it\/services\/mission-evangelisation\/\" class=\"more-link\">Leggi tutto<span class=\"screen-reader-text\"> &#8220;Gospel Medien e.V.&#8221;<\/span><\/a><\/p>\n","protected":false},"author":1,"featured_media":0,"parent":28640,"menu_order":0,"comment_status":"closed","ping_status":"closed","template":"","meta":{"_seopress_robots_primary_cat":"","_seopress_titles_title":"","_seopress_titles_desc":"","_seopress_robots_index":"","footnotes":""},"class_list":["post-29258","page","type-page","status-publish","hentry"],"translation":{"provider":"WPGlobus","version":"3.0.0","language":"it","enabled_languages":["de","gb","fr","it"],"languages":{"de":{"title":true,"content":true,"excerpt":false},"gb":{"title":false,"content":false,"excerpt":false},"fr":{"title":false,"content":false,"excerpt":false},"it":{"title":false,"content":false,"excerpt":false}}},"jetpack_sharing_enabled":true,"_links":{"self":[{"href":"https:\/\/burribooksandmore.ch\/it\/wp-json\/wp\/v2\/pages\/29258","targetHints":{"allow":["GET"]}}],"collection":[{"href":"https:\/\/burribooksandmore.ch\/it\/wp-json\/wp\/v2\/pages"}],"about":[{"href":"https:\/\/burribooksandmore.ch\/it\/wp-json\/wp\/v2\/types\/page"}],"author":[{"embeddable":true,"href":"https:\/\/burribooksandmore.ch\/it\/wp-json\/wp\/v2\/users\/1"}],"replies":[{"embeddable":true,"href":"https:\/\/burribooksandmore.ch\/it\/wp-json\/wp\/v2\/comments?post=29258"}],"version-history":[{"count":8,"href":"https:\/\/burribooksandmore.ch\/it\/wp-json\/wp\/v2\/pages\/29258\/revisions"}],"predecessor-version":[{"id":34178,"href":"https:\/\/burribooksandmore.ch\/it\/wp-json\/wp\/v2\/pages\/29258\/revisions\/34178"}],"up":[{"embeddable":true,"href":"https:\/\/burribooksandmore.ch\/it\/wp-json\/wp\/v2\/pages\/28640"}],"wp:attachment":[{"href":"https:\/\/burribooksandmore.ch\/it\/wp-json\/wp\/v2\/media?parent=29258"}],"curies":[{"name":"wp","href":"https:\/\/api.w.org\/{rel}","templated":true}]}}