{"id":28640,"date":"2017-02-16T09:16:27","date_gmt":"2017-02-16T08:16:27","guid":{"rendered":"http:\/\/mxajfmgl.preview.infomaniak.website\/?page_id=38"},"modified":"2020-12-03T12:00:04","modified_gmt":"2020-12-03T11:00:04","slug":"services","status":"publish","type":"page","link":"https:\/\/burribooksandmore.ch\/it\/services\/","title":{"rendered":"SERVICES"},"content":{"rendered":"<p>Burri books&amp;more kn\u00fcpft Beziehungen zu Verlagen und H\u00e4ndlern und bietet deren Produkte auf dem Schweizer Buchmarkt an.<\/p>\n<p>Dabei stehen sowohl die Privatkunden wie auch die Wiederverk\u00e4ufer im Fokus.<\/p>\n<p>In den Unterkategorien von Services finden Sie die aktuellen Partner. Neben unserem Standardsortiment bieten wir Ihnen an auf Wunsch die Titel derer online-shops zu besorgen. Kosten f\u00fcr Transport und Verzollung anfallen, sind Preise auf externen Webseiten nicht verbindlich.<\/p>\n<p>Daneben besorgen wir Ihnen jeden gew\u00fcnschten Titel, der \u00fcber fontis, Haus der Bibel oder das Buchzentrum verf\u00fcgbar ist.<\/p>\n\n\n<div class=\"wp-block-buttons is-layout-flex wp-block-buttons-is-layout-flex\">\n<div class=\"wp-block-button\"><a class=\"wp-block-button__link\" href=\"https:\/\/burribooksandmore.ch\/\">home<\/a><\/div>\n<\/div>\n","protected":false},"excerpt":{"rendered":"<p>Burri books&amp;more kn\u00fcpft Beziehungen zu Verlagen und H\u00e4ndlern und bietet deren Produkte auf dem Schweizer Buchmarkt an. Dabei stehen sowohl die Privatkunden wie auch die Wiederverk\u00e4ufer im Fokus. In den Unterkategorien von Services finden Sie die aktuellen Partner. Neben unserem Standardsortiment bieten wir Ihnen an auf Wunsch die Titel derer online-shops zu besorgen. Kosten f\u00fcr &hellip; <\/p>\n<p class=\"link-more\"><a href=\"https:\/\/burribooksandmore.ch\/it\/services\/\" class=\"more-link\">Leggi tutto<span class=\"screen-reader-text\"> &#8220;SERVICES&#8221;<\/span><\/a><\/p>\n","protected":false},"author":0,"featured_media":0,"parent":0,"menu_order":0,"comment_status":"closed","ping_status":"closed","template":"","meta":{"_seopress_robots_primary_cat":"","_seopress_titles_title":"","_seopress_titles_desc":"","_seopress_robots_index":"","footnotes":""},"class_list":["post-28640","page","type-page","status-publish","hentry"],"translation":{"provider":"WPGlobus","version":"3.0.0","language":"it","enabled_languages":["de","gb","fr","it"],"languages":{"de":{"title":true,"content":true,"excerpt":false},"gb":{"title":false,"content":false,"excerpt":false},"fr":{"title":false,"content":false,"excerpt":false},"it":{"title":false,"content":false,"excerpt":false}}},"jetpack_sharing_enabled":true,"_links":{"self":[{"href":"https:\/\/burribooksandmore.ch\/it\/wp-json\/wp\/v2\/pages\/28640","targetHints":{"allow":["GET"]}}],"collection":[{"href":"https:\/\/burribooksandmore.ch\/it\/wp-json\/wp\/v2\/pages"}],"about":[{"href":"https:\/\/burribooksandmore.ch\/it\/wp-json\/wp\/v2\/types\/page"}],"replies":[{"embeddable":true,"href":"https:\/\/burribooksandmore.ch\/it\/wp-json\/wp\/v2\/comments?post=28640"}],"version-history":[{"count":5,"href":"https:\/\/burribooksandmore.ch\/it\/wp-json\/wp\/v2\/pages\/28640\/revisions"}],"predecessor-version":[{"id":29257,"href":"https:\/\/burribooksandmore.ch\/it\/wp-json\/wp\/v2\/pages\/28640\/revisions\/29257"}],"wp:attachment":[{"href":"https:\/\/burribooksandmore.ch\/it\/wp-json\/wp\/v2\/media?parent=28640"}],"curies":[{"name":"wp","href":"https:\/\/api.w.org\/{rel}","templated":true}]}}