{"id":28855,"date":"2020-08-24T21:04:34","date_gmt":"2020-08-24T19:04:34","guid":{"rendered":"http:\/\/burribooksandmore.ch\/?page_id=28855"},"modified":"2025-05-31T16:20:23","modified_gmt":"2025-05-31T14:20:23","slug":"services-soli-deo-gloria","status":"publish","type":"page","link":"https:\/\/burribooksandmore.ch\/gb\/services\/services-soli-deo-gloria\/","title":{"rendered":"Soli Deo Gloria"},"content":{"rendered":"<p><a href=\"http:\/\/solideogloriaedizioni.com\/\" target=\"_blank\" rel=\"noopener noreferrer\" data-wplink-edit=\"true\"><img loading=\"lazy\" decoding=\"async\" class=\"alignnone size-full wp-image-28841\" src=\"http:\/\/burribooksandmore.ch\/wp-content\/uploads\/2020\/08\/logo_sdg-2.jpg\" alt=\"Soli Deo Gloria\" width=\"108\" height=\"133\"><\/a><\/p>\n<p>Soli Deo Gloria ist ein gemeinn\u00fctziger Verein, der mit dem alleinigen Ziel gegr\u00fcndet wurde, die Botschaft von der Erl\u00f6sung in Christus durch die Verbreitung christlicher Literatur zu verbreiten.<br \/><strong>Seine Ziele sind:<\/strong><br \/>&#8211; Eine biblische Stimme im italienischen evangelikalen Kontext zu sein.<br \/>&#8211; Texte, B\u00fccher und Zeitschriften in einem wirtschaftlichen Format zu produzieren, um eine weite Verbreitung zu erm\u00f6glichen.<br \/>&#8211; Texte zu ver\u00f6ffentlichen, deren Inhalt im Einklang mit dem Glaubensbekenntnis der evangelikalen christlichen Welt steht, um den Reichtum der Zugeh\u00f6rigkeit zum Volk Gottes zu verstehen.<br \/>&#8211; F\u00f6rderung des Dialogs, der Beziehungen und der Einheit zwischen den verschiedenen Kirchen und evangelikalen Denominationen, mit denen wir die zentralen Wahrheiten des Wortes Gottes teilen k\u00f6nnen.<br \/>&#8211; Soli Deo Gloria nimmt keine Positionen zu sekund\u00e4ren Lehrfragen ein, sondern er ver\u00f6ffentlicht Texte und B\u00fccher, die f\u00fcr den Leib Christi erbaulich sein k\u00f6nnen, wobei er die \u00dcberzeugung der Autoren selbst respektiert.<br \/>&#8211; Ermutigen der Gl\u00e4ubigen, f\u00fcr ein Erwachen in Italien zu beten.<br \/>&#8211; Den Gl\u00e4ubigen bei der biblischen Bildung zu helfen.<br \/>&#8211; Eine missionarische Vision f\u00fcr die Erf\u00fcllung des gro\u00dfen Mandats zu vermitteln.<\/p>\n\n\n<div class=\"wp-block-buttons is-layout-flex wp-block-buttons-is-layout-flex\">\n<div class=\"wp-block-button\"><a class=\"wp-block-button__link wp-element-button\" href=\"https:\/\/shop.burribooksandmore.ch\/ki\/Hersteller-Soli-Deo-Gloria-edizioni-h38h138.html\" target=\"_blank\" rel=\"https:\/\/burribooksandmore.ch\/produkt-kategorie\/shop\/verlage\/soli-deo-gloria\/ noopener noreferrer noreferrer noopener\">zum shop<\/a><\/div>\n\n\n\n<div class=\"wp-block-button\"><a class=\"wp-block-button__link wp-element-button\" href=\"http:\/\/solideogloriaedizioni.com\/negozio\/\" target=\"_blank\" rel=\"http:\/\/solideogloriaedizioni.com\/negozio\/ noopener noreferrer\">Soli Deo Gloria<\/a><\/div>\n<\/div>\n\n\n\n<p><\/p>\n","protected":false},"excerpt":{"rendered":"<p>Soli Deo Gloria ist ein gemeinn\u00fctziger Verein, der mit dem alleinigen Ziel gegr\u00fcndet wurde, die Botschaft von der Erl\u00f6sung in Christus durch die Verbreitung christlicher Literatur zu verbreiten.Seine Ziele sind:&#8211; Eine biblische Stimme im italienischen evangelikalen Kontext zu sein.&#8211; Texte, B\u00fccher und Zeitschriften in einem wirtschaftlichen Format zu produzieren, um eine weite Verbreitung zu erm\u00f6glichen.&#8211; &hellip; <\/p>\n<p class=\"link-more\"><a href=\"https:\/\/burribooksandmore.ch\/gb\/services\/services-soli-deo-gloria\/\" class=\"more-link\">Continue reading<span class=\"screen-reader-text\"> &#8220;Soli Deo Gloria&#8221;<\/span><\/a><\/p>\n","protected":false},"author":1,"featured_media":0,"parent":28640,"menu_order":0,"comment_status":"closed","ping_status":"closed","template":"","meta":{"_seopress_robots_primary_cat":"","_seopress_titles_title":"","_seopress_titles_desc":"","_seopress_robots_index":"","footnotes":""},"class_list":["post-28855","page","type-page","status-publish","hentry"],"translation":{"provider":"WPGlobus","version":"3.0.0","language":"gb","enabled_languages":["de","gb","fr","it"],"languages":{"de":{"title":true,"content":true,"excerpt":false},"gb":{"title":false,"content":false,"excerpt":false},"fr":{"title":false,"content":false,"excerpt":false},"it":{"title":false,"content":false,"excerpt":false}}},"jetpack_sharing_enabled":true,"_links":{"self":[{"href":"https:\/\/burribooksandmore.ch\/gb\/wp-json\/wp\/v2\/pages\/28855","targetHints":{"allow":["GET"]}}],"collection":[{"href":"https:\/\/burribooksandmore.ch\/gb\/wp-json\/wp\/v2\/pages"}],"about":[{"href":"https:\/\/burribooksandmore.ch\/gb\/wp-json\/wp\/v2\/types\/page"}],"author":[{"embeddable":true,"href":"https:\/\/burribooksandmore.ch\/gb\/wp-json\/wp\/v2\/users\/1"}],"replies":[{"embeddable":true,"href":"https:\/\/burribooksandmore.ch\/gb\/wp-json\/wp\/v2\/comments?post=28855"}],"version-history":[{"count":17,"href":"https:\/\/burribooksandmore.ch\/gb\/wp-json\/wp\/v2\/pages\/28855\/revisions"}],"predecessor-version":[{"id":34179,"href":"https:\/\/burribooksandmore.ch\/gb\/wp-json\/wp\/v2\/pages\/28855\/revisions\/34179"}],"up":[{"embeddable":true,"href":"https:\/\/burribooksandmore.ch\/gb\/wp-json\/wp\/v2\/pages\/28640"}],"wp:attachment":[{"href":"https:\/\/burribooksandmore.ch\/gb\/wp-json\/wp\/v2\/media?parent=28855"}],"curies":[{"name":"wp","href":"https:\/\/api.w.org\/{rel}","templated":true}]}}