{"id":3,"date":"2020-08-18T07:46:48","date_gmt":"2020-08-18T07:46:48","guid":{"rendered":"http:\/\/burribooksandmore.ch\/?page_id=3"},"modified":"2021-07-19T11:40:32","modified_gmt":"2021-07-19T09:40:32","slug":"privacy-policy","status":"publish","type":"page","link":"https:\/\/burribooksandmore.ch\/fr\/privacy-policy\/","title":{"rendered":"Allgemeine Gesch\u00e4ftsbedingungen"},"content":{"rendered":"\n<p>Die vorliegenden Allgemeinen Gesch\u00e4ftsbedingungen legen das vertragliche Verh\u00e4ltnis<br>zwischen dem Verk\u00e4ufer:<\/p>\n\n\n\n<p>Burri books&amp;more, M\u00fclistrasse 5, 8320 Fehraltorf<br>EINERSEITS<\/p>\n\n\n\n<p>und dem K\u00e4ufer:<br>jede physische und juristische Person (nachfolgend \u201eKunde\u201c genannt) die auf der Internetseite f\u00fcr sich selbst oder f\u00fcr Dritte einkauft.<br>ANDERERSEITS, fest.<\/p>\n\n\n\n<p>Durch den abgeschlossenen Kauf der Ware erkl\u00e4rt der Kunde sich mit den vorliegenden Bedingungen einverstanden.<\/p>\n\n\n\n<h2 class=\"wp-block-heading\">Preis<\/h2>\n\n\n\n<p>Die Kunden von Burri books&amp;more m\u00fcssen ihre Bestellung in Schweizer Franken begleichen.<\/p>\n\n\n\n<h2 class=\"wp-block-heading\">Porto- und Versandkosten<\/h2>\n\n\n\n<p>Die Porto- und Versandkosten werden nach Aufwand (Porto plus Materialkostenpauschalen) verrechnet.<\/p>\n\n\n\n<h2 class=\"wp-block-heading\">R\u00fcckgaberecht<\/h2>\n\n\n\n<p>Die bestellten Artikel werden nicht zur\u00fcckgenommen, au\u00dfer bei Herstellungsfehlern oder Falschlieferungen (in diesen F\u00e4llen nehmen Sie bitte vorab mit uns Kontakt auf).<\/p>\n\n\n\n<p>Nicht zur\u00fcckgenommen werden:<\/p>\n\n\n\n<ul class=\"wp-block-list\"><li>Besch\u00e4digte Artikel (au\u00dfer solche, die beim Transport in Mitleidenschaft gezogen wurden und f\u00fcr die eine genaue Erkl\u00e4rung abgegeben wurde \u2013 siehe vorheriger Punkt)<\/li><li>Nicht eingeschwei\u00dfte CDs, CD-ROMs oder DVDs<\/li><li>Festbestellungen (spezielle beim Lieferanten bestellte Artikel f\u00fcr den Kunden, sowie alle Artikel, die auf der Internetseite burribooksandmore.ch mit dem Text &lsquo;Auf Bestellung&rsquo; gekennzeichnet sind)<\/li><\/ul>\n\n\n\n<h2 class=\"wp-block-heading\">Zahlungsmittel<\/h2>\n\n\n\n<p>F\u00fcr Online-Bestellungen kann der Kunde die Rechnung mit Paypal oder Einzahlungsschein begleichen. Bei Abholung hat er zus\u00e4tzlich die M\u00f6glichkeit, in bar zu bezahlen. Der Verk\u00e4ufer beh\u00e4lt sich das Recht vor, jederzeit ohne Angabe von Gr\u00fcnden eine Vorauszahlung zu fordern. <\/p>\n\n\n\n<h2 class=\"wp-block-heading\">Eigentumsvorbehalt<\/h2>\n\n\n\n<p>Die Ware bleibt bis zur vollst\u00e4ndigen Zahlung Eigentum des Verk\u00e4ufers.<\/p>\n\n\n\n<h1 class=\"wp-block-heading\">Datenschutzerkl\u00e4rung<\/h1>\n\n\n\n<h2 class=\"wp-block-heading\">1. Speicherung personenbezogener Daten<\/h2>\n\n\n\n<p>1.1 Folgende personenbezogene Daten speichern wir anl\u00e4sslich einer Bestellung, eines Einkaufs oder der \u00dcbermittlung einer Spende: Name, Vorname, vollst\u00e4ndige Postanschrift, E-Mail-Adresse und Telefonnummer, soweit sie uns vom Nutzer \u00fcbermittelt werden.<\/p>\n\n\n\n<p>1.2 Bei Anmeldung zum Newsletter oder bei Er\u00f6ffnung eines Benutzerkontos auf einer unserer Webseiten speichern wir folgende Daten: Name, Vorname, vollst\u00e4ndige Postanschrift, E-Mail-Adresse, Telefonnummer und Geburtsdatum (wenn diese Daten vom Nutzer angegeben werden).<\/p>\n\n\n\n<h2 class=\"wp-block-heading\">2. Verarbeitung personenbezogener Daten<\/h2>\n\n\n\n<p>2.1 Die Speicherung von Name, Vorname, vollst\u00e4ndiger Postanschrift, E-Mail-Adresse und Telefonnummer dient dazu,<\/p>\n\n\n\n<p>2.1.1 die vereinbarte Leistung zu erbringen, und zwar die Zusendung der gekauften Waren.<\/p>\n\n\n\n<p>2.1.2 mit dem Kunden im Rahmen der Bearbeitung seiner Bestellung Kontakt aufzunehmen (z.B. wegen nicht lieferbarer Artikel, Retoure aufgrund einer Adress\u00e4nderung, Probleme mit der Zahlung) oder um die zu erbringenden Leistungen oder die Verwendung einer \u00dcberweisung zu pr\u00e4zisieren oder zu verbessern.<\/p>\n\n\n\n<p>2.1.3 per E-Mail (Newsletter) \u00fcber Produkte oder Aktionen, Sonderangebote und Neuheiten zu informieren, die mit unseren Produkten und Diensten verbunden sind.<\/p>\n\n\n\n<p>2.2 In keinem Fall werden die Adressen von Kunden, Spendern oder Nutzern unserer Dienste verkauft oder an Dritte weitergegeben. Ausnahmen betreffen Direktlieferungen von Gesch\u00e4ftspartnern. <\/p>\n\n\n\n<h2 class=\"wp-block-heading\">3. Recht auf Auskunft \u00fcber personenbezogene Daten<\/h2>\n\n\n\n<p>3.1 Jeder Kunde, Spender oder Nutzer unserer Dienste hat das Recht auf Auskunft \u00fcber die zu seiner Person gespeicherten Daten.<\/p>\n\n\n\n<p>3.2 Wir geben keinerlei Auskunft \u00fcber personenbezogene Daten an Dritte, mit Ausnahme der folgenden F\u00e4lle:<\/p>\n\n\n\n<p>3.2.1 an Eltern von Minderj\u00e4hrigen bez\u00fcglich der Daten letzterer (nach Vorlage eines Dokuments, das die Elternschaft belegt),<\/p>\n\n\n\n<p>3.2.2 an Personen, die einem Dritten eine Bestellung zukommen lassen, bez\u00fcglich der Daten des Geschenkempf\u00e4ngers,<\/p>\n\n\n\n<p>3.2.3 an jede weitere Person \u00fcber Dritte, f\u00fcr die sie eine Betreuungsvollmacht, wie z.B. eine Vormundschaft, haben (auf Vorlage der Vollmacht oder der Entscheidung der Sozial- oder Justizverwaltung).<\/p>\n\n\n\n<h2 class=\"wp-block-heading\">Gerichtsstand<\/h2>\n\n\n\n<p>In Streitf\u00e4llen ist der Gerichtsstand beim Verk\u00e4ufer (Fehraltorf, Schweiz).<\/p>\n\n\n\n<p><\/p>\n","protected":false},"excerpt":{"rendered":"<p>Die vorliegenden Allgemeinen Gesch\u00e4ftsbedingungen legen das vertragliche Verh\u00e4ltniszwischen dem Verk\u00e4ufer: Burri books&amp;more, M\u00fclistrasse 5, 8320 FehraltorfEINERSEITS und dem K\u00e4ufer:jede physische und juristische Person (nachfolgend \u201eKunde\u201c genannt) die auf der Internetseite f\u00fcr sich selbst oder f\u00fcr Dritte einkauft.ANDERERSEITS, fest. Durch den abgeschlossenen Kauf der Ware erkl\u00e4rt der Kunde sich mit den vorliegenden Bedingungen einverstanden. Preis Die &hellip; <\/p>\n<p class=\"link-more\"><a href=\"https:\/\/burribooksandmore.ch\/fr\/privacy-policy\/\" class=\"more-link\">Continuer la lecture<span class=\"screen-reader-text\"> de &laquo;&nbsp;Allgemeine Gesch\u00e4ftsbedingungen&nbsp;&raquo;<\/span><\/a><\/p>\n","protected":false},"author":1,"featured_media":0,"parent":0,"menu_order":0,"comment_status":"closed","ping_status":"open","template":"","meta":{"_seopress_robots_primary_cat":"","_seopress_titles_title":"","_seopress_titles_desc":"","_seopress_robots_index":"","footnotes":""},"class_list":["post-3","page","type-page","status-publish","hentry"],"translation":{"provider":"WPGlobus","version":"3.0.0","language":"fr","enabled_languages":["de","gb","fr","it"],"languages":{"de":{"title":true,"content":true,"excerpt":false},"gb":{"title":false,"content":false,"excerpt":false},"fr":{"title":false,"content":false,"excerpt":false},"it":{"title":false,"content":false,"excerpt":false}}},"jetpack_sharing_enabled":true,"_links":{"self":[{"href":"https:\/\/burribooksandmore.ch\/fr\/wp-json\/wp\/v2\/pages\/3","targetHints":{"allow":["GET"]}}],"collection":[{"href":"https:\/\/burribooksandmore.ch\/fr\/wp-json\/wp\/v2\/pages"}],"about":[{"href":"https:\/\/burribooksandmore.ch\/fr\/wp-json\/wp\/v2\/types\/page"}],"author":[{"embeddable":true,"href":"https:\/\/burribooksandmore.ch\/fr\/wp-json\/wp\/v2\/users\/1"}],"replies":[{"embeddable":true,"href":"https:\/\/burribooksandmore.ch\/fr\/wp-json\/wp\/v2\/comments?post=3"}],"version-history":[{"count":2,"href":"https:\/\/burribooksandmore.ch\/fr\/wp-json\/wp\/v2\/pages\/3\/revisions"}],"predecessor-version":[{"id":29582,"href":"https:\/\/burribooksandmore.ch\/fr\/wp-json\/wp\/v2\/pages\/3\/revisions\/29582"}],"wp:attachment":[{"href":"https:\/\/burribooksandmore.ch\/fr\/wp-json\/wp\/v2\/media?parent=3"}],"curies":[{"name":"wp","href":"https:\/\/api.w.org\/{rel}","templated":true}]}}