{"id":29378,"date":"2021-02-04T11:14:54","date_gmt":"2021-02-04T10:14:54","guid":{"rendered":"https:\/\/burribooksandmore.ch\/?page_id=29378"},"modified":"2021-12-16T13:19:23","modified_gmt":"2021-12-16T12:19:23","slug":"clc","status":"publish","type":"page","link":"https:\/\/burribooksandmore.ch\/fr\/services\/clc\/","title":{"rendered":"CLC"},"content":{"rendered":"\n<figure class=\"wp-block-image size-large\"><img loading=\"lazy\" decoding=\"async\" width=\"137\" height=\"66\" src=\"https:\/\/burribooksandmore.ch\/wp-content\/uploads\/2021\/02\/logo.gif\" alt=\"\" class=\"wp-image-29379\"\/><\/figure>\n\n\n<p>CLC ist eine internationale Organisation, die sich f\u00fcr die Verbreitung der Bibel, christlicher B\u00fccher und einer Vielzahl christlicher Medien einsetzt. CLC arbeitet in 45 L\u00e4ndern. Sie ist mit 145 Buchhandlungen, 20 Verlagen und vielen Lagerh\u00e4usern vertreten. Die CLC-Arbeit in jedem Land ist autonom aufgebaut, aber sie sind durch ihre gemeinsame Vision verbunden.<\/p>\n<p>Burri books&amp;more ist mit einigen CLC Buchhandlungen verbunden. Dadurch k\u00f6nnen Sie als Kunde auch von diesem vielseitigen Angebot profitieren. Da die Rabattierung und die Portokosten bei den Produkten und Buchhandlungen variieren,\u00a0 k\u00f6nnen die effektiven Kosten erst nach Erhalt berechnet werden.<\/p>\n\n\n<div class=\"wp-block-buttons is-layout-flex wp-block-buttons-is-layout-flex\">\n<div class=\"wp-block-button\"><a class=\"wp-block-button__link\" href=\"https:\/\/www.clcinternational.org\" target=\"_blank\" rel=\"http:\/\/solideogloriaedizioni.com\/negozio\/ noopener noreferrer\">CLC international<\/a><\/div>\n\n\n\n<div class=\"wp-block-button\"><a class=\"wp-block-button__link\" href=\"https:\/\/clcsvizzera.com\/\" target=\"_blank\" rel=\"noreferrer noopener\">CLC svizzera<\/a><\/div>\n\n\n\n<div class=\"wp-block-button\"><a class=\"wp-block-button__link\" href=\"https:\/\/www.clc.bg\/\" target=\"_blank\" rel=\"noreferrer noopener\">CLC BG<\/a><\/div>\n\n\n\n<div class=\"wp-block-button\"><a class=\"wp-block-button__link\" href=\"https:\/\/www.clcfrance.com\/\" target=\"_blank\" rel=\"noreferrer noopener\">CLC FR<\/a><\/div>\n\n\n\n<div class=\"wp-block-button\"><a class=\"wp-block-button__link\" href=\"https:\/\/www.clchungary.com\/\" target=\"_blank\" rel=\"noreferrer noopener\">CLC HU<\/a><\/div>\n\n\n\n<div class=\"wp-block-button\"><a class=\"wp-block-button__link\" href=\"https:\/\/clc.org.pl\/\" target=\"_blank\" rel=\"noreferrer noopener\">CLC PL<\/a><\/div>\n\n\n\n<div class=\"wp-block-button\"><a class=\"wp-block-button__link\" href=\"https:\/\/www.clcportugal.com\/\" target=\"_blank\" rel=\"noreferrer noopener\">CLC PT<\/a><\/div>\n\n\n\n<div class=\"wp-block-button\"><a class=\"wp-block-button__link\" href=\"https:\/\/clcromania.ro\/\" target=\"_blank\" rel=\"noreferrer noopener\">CLC RO<\/a><\/div>\n\n\n\n<div class=\"wp-block-button\"><a class=\"wp-block-button__link\" href=\"https:\/\/www.philadelphiabooks.ru\/\" target=\"_blank\" rel=\"noreferrer noopener\">CLC RU<\/a><\/div>\n\n\n\n<div class=\"wp-block-button\"><a class=\"wp-block-button__link\" href=\"https:\/\/clcbookshops.com\/\" target=\"_blank\" rel=\"noreferrer noopener\">CLC UK<\/a><\/div>\n\n\n\n<div class=\"wp-block-button\"><a class=\"wp-block-button__link\" href=\"https:\/\/elsindia.org\/\" target=\"_blank\" rel=\"noreferrer noopener\">ELS IN<\/a><\/div>\n<\/div>\n\n\n\n<p><\/p>\n","protected":false},"excerpt":{"rendered":"<p>CLC ist eine internationale Organisation, die sich f\u00fcr die Verbreitung der Bibel, christlicher B\u00fccher und einer Vielzahl christlicher Medien einsetzt. CLC arbeitet in 45 L\u00e4ndern. Sie ist mit 145 Buchhandlungen, 20 Verlagen und vielen Lagerh\u00e4usern vertreten. Die CLC-Arbeit in jedem Land ist autonom aufgebaut, aber sie sind durch ihre gemeinsame Vision verbunden. Burri books&amp;more ist &hellip; <\/p>\n<p class=\"link-more\"><a href=\"https:\/\/burribooksandmore.ch\/fr\/services\/clc\/\" class=\"more-link\">Continuer la lecture<span class=\"screen-reader-text\"> de &laquo;&nbsp;CLC&nbsp;&raquo;<\/span><\/a><\/p>\n","protected":false},"author":1,"featured_media":0,"parent":28640,"menu_order":0,"comment_status":"closed","ping_status":"closed","template":"","meta":{"_seopress_robots_primary_cat":"","_seopress_titles_title":"","_seopress_titles_desc":"","_seopress_robots_index":"","footnotes":""},"class_list":["post-29378","page","type-page","status-publish","hentry"],"translation":{"provider":"WPGlobus","version":"3.0.0","language":"fr","enabled_languages":["de","gb","fr","it"],"languages":{"de":{"title":true,"content":true,"excerpt":false},"gb":{"title":false,"content":false,"excerpt":false},"fr":{"title":false,"content":false,"excerpt":false},"it":{"title":false,"content":false,"excerpt":false}}},"jetpack_sharing_enabled":true,"_links":{"self":[{"href":"https:\/\/burribooksandmore.ch\/fr\/wp-json\/wp\/v2\/pages\/29378","targetHints":{"allow":["GET"]}}],"collection":[{"href":"https:\/\/burribooksandmore.ch\/fr\/wp-json\/wp\/v2\/pages"}],"about":[{"href":"https:\/\/burribooksandmore.ch\/fr\/wp-json\/wp\/v2\/types\/page"}],"author":[{"embeddable":true,"href":"https:\/\/burribooksandmore.ch\/fr\/wp-json\/wp\/v2\/users\/1"}],"replies":[{"embeddable":true,"href":"https:\/\/burribooksandmore.ch\/fr\/wp-json\/wp\/v2\/comments?post=29378"}],"version-history":[{"count":2,"href":"https:\/\/burribooksandmore.ch\/fr\/wp-json\/wp\/v2\/pages\/29378\/revisions"}],"predecessor-version":[{"id":29709,"href":"https:\/\/burribooksandmore.ch\/fr\/wp-json\/wp\/v2\/pages\/29378\/revisions\/29709"}],"up":[{"embeddable":true,"href":"https:\/\/burribooksandmore.ch\/fr\/wp-json\/wp\/v2\/pages\/28640"}],"wp:attachment":[{"href":"https:\/\/burribooksandmore.ch\/fr\/wp-json\/wp\/v2\/media?parent=29378"}],"curies":[{"name":"wp","href":"https:\/\/api.w.org\/{rel}","templated":true}]}}